{"id":23586,"date":"2023-03-14T13:03:02","date_gmt":"2023-03-14T12:03:02","guid":{"rendered":"http:\/\/www.industrieceltex.com\/industrie-celtex-in-numeri\/"},"modified":"2025-09-09T12:42:43","modified_gmt":"2025-09-09T10:42:43","slug":"industrie-celtex-w-iczbach","status":"publish","type":"page","link":"https:\/\/www.industrieceltex.com\/pl\/industrie-celtex-w-iczbach\/","title":{"rendered":"Industrie celtex w iczbach"},"content":{"rendered":"\t\t<div data-elementor-type=\"wp-page\" data-elementor-id=\"23586\" class=\"elementor elementor-23586 elementor-17346\" data-elementor-settings=\"{&quot;ha_cmc_init_switcher&quot;:&quot;no&quot;}\">\n\t\t\t\t\t\t<section class=\"elementor-section elementor-top-section elementor-element elementor-element-1480b282 elementor-section-height-min-height elementor-section-stretched elementor-section-boxed elementor-section-height-default elementor-section-items-middle\" data-id=\"1480b282\" data-element_type=\"section\" data-e-type=\"section\" data-settings=\"{&quot;stretch_section&quot;:&quot;section-stretched&quot;,&quot;background_background&quot;:&quot;classic&quot;,&quot;_ha_eqh_enable&quot;:false}\">\n\t\t\t\t\t\t\t<div class=\"elementor-background-overlay\"><\/div>\n\t\t\t\t\t\t\t<div class=\"elementor-container elementor-column-gap-default\">\n\t\t\t\t\t<div class=\"elementor-column elementor-col-50 elementor-top-column elementor-element elementor-element-538c37d7\" data-id=\"538c37d7\" data-element_type=\"column\" data-e-type=\"column\">\n\t\t\t<div class=\"elementor-widget-wrap elementor-element-populated\">\n\t\t\t\t\t\t<div class=\"elementor-element elementor-element-1bc866e elementor-widget elementor-widget-heading\" data-id=\"1bc866e\" data-element_type=\"widget\" data-e-type=\"widget\" data-widget_type=\"heading.default\">\n\t\t\t\t<div class=\"elementor-widget-container\">\n\t\t\t\t\t<h2 class=\"elementor-heading-title elementor-size-default\">Liczby<\/h2>\t\t\t\t<\/div>\n\t\t\t\t<\/div>\n\t\t\t\t\t<\/div>\n\t\t<\/div>\n\t\t\t\t<div class=\"elementor-column elementor-col-50 elementor-top-column elementor-element elementor-element-4725ea8d elementor-hidden-mobile_extra elementor-hidden-mobile\" data-id=\"4725ea8d\" data-element_type=\"column\" data-e-type=\"column\">\n\t\t\t<div class=\"elementor-widget-wrap\">\n\t\t\t\t\t\t\t<\/div>\n\t\t<\/div>\n\t\t\t\t\t<\/div>\n\t\t<\/section>\n\t\t\t\t<section class=\"elementor-section elementor-top-section elementor-element elementor-element-2f022d89 elementor-section-full_width elementor-section-stretched elementor-section-height-default elementor-section-height-default\" data-id=\"2f022d89\" data-element_type=\"section\" data-e-type=\"section\" data-settings=\"{&quot;stretch_section&quot;:&quot;section-stretched&quot;,&quot;background_background&quot;:&quot;classic&quot;,&quot;_ha_eqh_enable&quot;:false}\">\n\t\t\t\t\t\t<div class=\"elementor-container elementor-column-gap-no\">\n\t\t\t\t\t<div class=\"elementor-column elementor-col-100 elementor-top-column elementor-element elementor-element-1c3c749b\" data-id=\"1c3c749b\" data-element_type=\"column\" data-e-type=\"column\">\n\t\t\t<div class=\"elementor-widget-wrap elementor-element-populated\">\n\t\t\t\t\t\t<section class=\"elementor-section elementor-inner-section elementor-element elementor-element-2c5870c7 elementor-section-content-middle elementor-section-boxed elementor-section-height-default elementor-section-height-default\" data-id=\"2c5870c7\" data-element_type=\"section\" data-e-type=\"section\" data-settings=\"{&quot;_ha_eqh_enable&quot;:false}\">\n\t\t\t\t\t\t<div class=\"elementor-container elementor-column-gap-wide\">\n\t\t\t\t\t<div class=\"elementor-column elementor-col-100 elementor-inner-column elementor-element elementor-element-4935a2b6\" data-id=\"4935a2b6\" data-element_type=\"column\" data-e-type=\"column\">\n\t\t\t<div class=\"elementor-widget-wrap elementor-element-populated\">\n\t\t\t\t\t\t<div class=\"elementor-element elementor-element-209073b7 elementor-hidden-mobile_extra elementor-hidden-mobile elementor-widget elementor-widget-spacer\" data-id=\"209073b7\" data-element_type=\"widget\" data-e-type=\"widget\" data-widget_type=\"spacer.default\">\n\t\t\t\t<div class=\"elementor-widget-container\">\n\t\t\t\t\t\t\t<div class=\"elementor-spacer\">\n\t\t\t<div class=\"elementor-spacer-inner\"><\/div>\n\t\t<\/div>\n\t\t\t\t\t\t<\/div>\n\t\t\t\t<\/div>\n\t\t\t\t<div class=\"elementor-element elementor-element-416d39a5 elementor-widget elementor-widget-industrium_heading\" data-id=\"416d39a5\" data-element_type=\"widget\" data-e-type=\"widget\" data-widget_type=\"industrium_heading.default\">\n\t\t\t\t<div class=\"elementor-widget-container\">\n\t\t\t\t\t<div class=\"industrium-heading-widget\"><h2 class=\"industrium-heading\"><span class=\"industrium-subheading no-dot\">INDUSTRIE CELTEX<\/span><span class=\"industrium-heading-content\">Warto\u015b\u0107 Industrie Celtex ro\u015bnie stabilnie z roku na rok i przedstawia si\u0119 <span>w nast\u0119puj\u0105cych liczbach.<\/span><\/span><\/h2><\/div>\t\t\t\t<\/div>\n\t\t\t\t<\/div>\n\t\t\t\t<div class=\"elementor-element elementor-element-31921d2 elementor-widget elementor-widget-menu-anchor\" data-id=\"31921d2\" data-element_type=\"widget\" data-e-type=\"widget\" data-widget_type=\"menu-anchor.default\">\n\t\t\t\t<div class=\"elementor-widget-container\">\n\t\t\t\t\t\t\t<div class=\"elementor-menu-anchor\" id=\"valori\"><\/div>\n\t\t\t\t\t\t<\/div>\n\t\t\t\t<\/div>\n\t\t\t\t\t<\/div>\n\t\t<\/div>\n\t\t\t\t\t<\/div>\n\t\t<\/section>\n\t\t\t\t\t<\/div>\n\t\t<\/div>\n\t\t\t\t\t<\/div>\n\t\t<\/section>\n\t\t\t\t<section class=\"elementor-section elementor-top-section elementor-element elementor-element-e635ed5 elementor-section-content-bottom elementor-section-boxed elementor-section-height-default elementor-section-height-default\" data-id=\"e635ed5\" data-element_type=\"section\" data-e-type=\"section\" data-settings=\"{&quot;_ha_eqh_enable&quot;:false}\">\n\t\t\t\t\t\t<div class=\"elementor-container elementor-column-gap-wider\">\n\t\t\t\t\t<div class=\"elementor-column elementor-col-25 elementor-top-column elementor-element elementor-element-c1aaed6\" data-id=\"c1aaed6\" data-element_type=\"column\" data-e-type=\"column\">\n\t\t\t<div class=\"elementor-widget-wrap\">\n\t\t\t\t\t\t\t<\/div>\n\t\t<\/div>\n\t\t\t\t<div class=\"elementor-column elementor-col-25 elementor-top-column elementor-element elementor-element-c1fa296\" data-id=\"c1fa296\" data-element_type=\"column\" data-e-type=\"column\">\n\t\t\t<div class=\"elementor-widget-wrap elementor-element-populated\">\n\t\t\t\t\t\t<div class=\"elementor-element elementor-element-76b679e elementor-widget-tablet_extra__width-initial elementor-widget elementor-widget-image\" data-id=\"76b679e\" data-element_type=\"widget\" data-e-type=\"widget\" data-widget_type=\"image.default\">\n\t\t\t\t<div class=\"elementor-widget-container\">\n\t\t\t\t\t\t\t\t\t\t\t\t\t\t\t<img fetchpriority=\"high\" decoding=\"async\" width=\"777\" height=\"202\" src=\"https:\/\/www.industrieceltex.com\/wp-content\/uploads\/2024\/10\/510_DIPENDENTI_PL-3.webp\" class=\"attachment-large size-large wp-image-38214\" alt=\"510 pracownik\u00f3w\" srcset=\"https:\/\/www.industrieceltex.com\/wp-content\/uploads\/2024\/10\/510_DIPENDENTI_PL-3.webp 777w, https:\/\/www.industrieceltex.com\/wp-content\/uploads\/2024\/10\/510_DIPENDENTI_PL-3-300x78.webp 300w, https:\/\/www.industrieceltex.com\/wp-content\/uploads\/2024\/10\/510_DIPENDENTI_PL-3-768x200.webp 768w, https:\/\/www.industrieceltex.com\/wp-content\/uploads\/2024\/10\/510_DIPENDENTI_PL-3-600x156.webp 600w\" sizes=\"(max-width: 777px) 100vw, 777px\" \/>\t\t\t\t\t\t\t\t\t\t\t\t\t\t\t<\/div>\n\t\t\t\t<\/div>\n\t\t\t\t\t<\/div>\n\t\t<\/div>\n\t\t\t\t<div class=\"elementor-column elementor-col-25 elementor-top-column elementor-element elementor-element-e56deac\" data-id=\"e56deac\" data-element_type=\"column\" data-e-type=\"column\">\n\t\t\t<div class=\"elementor-widget-wrap elementor-element-populated\">\n\t\t\t\t\t\t<div class=\"elementor-element elementor-element-409bfb5 elementor-widget elementor-widget-image\" data-id=\"409bfb5\" data-element_type=\"widget\" data-e-type=\"widget\" data-widget_type=\"image.default\">\n\t\t\t\t<div class=\"elementor-widget-container\">\n\t\t\t\t\t\t\t\t\t\t\t\t\t\t\t<img decoding=\"async\" width=\"777\" height=\"202\" src=\"https:\/\/www.industrieceltex.com\/wp-content\/uploads\/2025\/04\/160000-CAPACITA_PL-1.webp\" class=\"attachment-large size-large wp-image-44230\" alt=\"160 000 t rocznej zdolno\u015bci produkcyjnej\" srcset=\"https:\/\/www.industrieceltex.com\/wp-content\/uploads\/2025\/04\/160000-CAPACITA_PL-1.webp 777w, https:\/\/www.industrieceltex.com\/wp-content\/uploads\/2025\/04\/160000-CAPACITA_PL-1-300x78.webp 300w, https:\/\/www.industrieceltex.com\/wp-content\/uploads\/2025\/04\/160000-CAPACITA_PL-1-768x200.webp 768w, https:\/\/www.industrieceltex.com\/wp-content\/uploads\/2025\/04\/160000-CAPACITA_PL-1-600x156.webp 600w\" sizes=\"(max-width: 777px) 100vw, 777px\" \/>\t\t\t\t\t\t\t\t\t\t\t\t\t\t\t<\/div>\n\t\t\t\t<\/div>\n\t\t\t\t\t<\/div>\n\t\t<\/div>\n\t\t\t\t<div class=\"elementor-column elementor-col-25 elementor-top-column elementor-element elementor-element-7de9c0c elementor-hidden-mobile_extra elementor-hidden-mobile\" data-id=\"7de9c0c\" data-element_type=\"column\" data-e-type=\"column\">\n\t\t\t<div class=\"elementor-widget-wrap\">\n\t\t\t\t\t\t\t<\/div>\n\t\t<\/div>\n\t\t\t\t\t<\/div>\n\t\t<\/section>\n\t\t\t\t<section class=\"elementor-section elementor-top-section elementor-element elementor-element-cb3a661 elementor-section-content-bottom elementor-section-boxed elementor-section-height-default elementor-section-height-default\" data-id=\"cb3a661\" data-element_type=\"section\" data-e-type=\"section\" data-settings=\"{&quot;_ha_eqh_enable&quot;:false}\">\n\t\t\t\t\t\t<div class=\"elementor-container elementor-column-gap-wider\">\n\t\t\t\t\t<div class=\"elementor-column elementor-col-25 elementor-top-column elementor-element elementor-element-1709a19 elementor-hidden-mobile_extra elementor-hidden-mobile\" data-id=\"1709a19\" data-element_type=\"column\" data-e-type=\"column\">\n\t\t\t<div class=\"elementor-widget-wrap\">\n\t\t\t\t\t\t\t<\/div>\n\t\t<\/div>\n\t\t\t\t<div class=\"elementor-column elementor-col-25 elementor-top-column elementor-element elementor-element-d08c7a1\" data-id=\"d08c7a1\" data-element_type=\"column\" data-e-type=\"column\">\n\t\t\t<div class=\"elementor-widget-wrap elementor-element-populated\">\n\t\t\t\t\t\t<div class=\"elementor-element elementor-element-971554c elementor-widget-laptop__width-initial elementor-widget-tablet_extra__width-initial elementor-widget-tablet__width-initial elementor-widget elementor-widget-image\" data-id=\"971554c\" data-element_type=\"widget\" data-e-type=\"widget\" data-widget_type=\"image.default\">\n\t\t\t\t<div class=\"elementor-widget-container\">\n\t\t\t\t\t\t\t\t\t\t\t\t\t\t\t<img decoding=\"async\" width=\"777\" height=\"202\" src=\"https:\/\/www.industrieceltex.com\/wp-content\/uploads\/2024\/10\/8-STABILIMENTI_PL-1.webp\" class=\"attachment-large size-large wp-image-38179\" alt=\"8 ZAK\u0141AD\u00d3W PRODUKCYJNYCH\" srcset=\"https:\/\/www.industrieceltex.com\/wp-content\/uploads\/2024\/10\/8-STABILIMENTI_PL-1.webp 777w, https:\/\/www.industrieceltex.com\/wp-content\/uploads\/2024\/10\/8-STABILIMENTI_PL-1-300x78.webp 300w, https:\/\/www.industrieceltex.com\/wp-content\/uploads\/2024\/10\/8-STABILIMENTI_PL-1-768x200.webp 768w, https:\/\/www.industrieceltex.com\/wp-content\/uploads\/2024\/10\/8-STABILIMENTI_PL-1-600x156.webp 600w\" sizes=\"(max-width: 777px) 100vw, 777px\" \/>\t\t\t\t\t\t\t\t\t\t\t\t\t\t\t<\/div>\n\t\t\t\t<\/div>\n\t\t\t\t\t<\/div>\n\t\t<\/div>\n\t\t\t\t<div class=\"elementor-column elementor-col-25 elementor-top-column elementor-element elementor-element-54ea751\" data-id=\"54ea751\" data-element_type=\"column\" data-e-type=\"column\">\n\t\t\t<div class=\"elementor-widget-wrap elementor-element-populated\">\n\t\t\t\t\t\t<div class=\"elementor-element elementor-element-e4b51d7 elementor-widget-tablet_extra__width-initial elementor-widget-tablet__width-initial elementor-widget-laptop__width-initial elementor-widget elementor-widget-image\" data-id=\"e4b51d7\" data-element_type=\"widget\" data-e-type=\"widget\" data-widget_type=\"image.default\">\n\t\t\t\t<div class=\"elementor-widget-container\">\n\t\t\t\t\t\t\t\t\t\t\t\t\t\t\t<img loading=\"lazy\" decoding=\"async\" width=\"777\" height=\"202\" src=\"https:\/\/www.industrieceltex.com\/wp-content\/uploads\/2024\/10\/220_FATTURATO_PL.webp\" class=\"attachment-large size-large wp-image-38193\" alt=\"220 MLN\u20ac SKONSOLIDOWANEGO OBROTU NETTO\" srcset=\"https:\/\/www.industrieceltex.com\/wp-content\/uploads\/2024\/10\/220_FATTURATO_PL.webp 777w, https:\/\/www.industrieceltex.com\/wp-content\/uploads\/2024\/10\/220_FATTURATO_PL-300x78.webp 300w, https:\/\/www.industrieceltex.com\/wp-content\/uploads\/2024\/10\/220_FATTURATO_PL-768x200.webp 768w, https:\/\/www.industrieceltex.com\/wp-content\/uploads\/2024\/10\/220_FATTURATO_PL-600x156.webp 600w\" sizes=\"(max-width: 777px) 100vw, 777px\" \/>\t\t\t\t\t\t\t\t\t\t\t\t\t\t\t<\/div>\n\t\t\t\t<\/div>\n\t\t\t\t\t<\/div>\n\t\t<\/div>\n\t\t\t\t<div class=\"elementor-column elementor-col-25 elementor-top-column elementor-element elementor-element-2410692 elementor-hidden-mobile_extra elementor-hidden-mobile\" data-id=\"2410692\" data-element_type=\"column\" data-e-type=\"column\">\n\t\t\t<div class=\"elementor-widget-wrap\">\n\t\t\t\t\t\t\t<\/div>\n\t\t<\/div>\n\t\t\t\t\t<\/div>\n\t\t<\/section>\n\t\t\t\t<section class=\"elementor-section elementor-top-section elementor-element elementor-element-ac5266f elementor-section-content-bottom elementor-section-boxed elementor-section-height-default elementor-section-height-default\" data-id=\"ac5266f\" data-element_type=\"section\" data-e-type=\"section\" data-settings=\"{&quot;_ha_eqh_enable&quot;:false}\">\n\t\t\t\t\t\t<div class=\"elementor-container elementor-column-gap-wider\">\n\t\t\t\t\t<div class=\"elementor-column elementor-col-25 elementor-top-column elementor-element elementor-element-cc59df1\" data-id=\"cc59df1\" data-element_type=\"column\" data-e-type=\"column\">\n\t\t\t<div class=\"elementor-widget-wrap\">\n\t\t\t\t\t\t\t<\/div>\n\t\t<\/div>\n\t\t\t\t<div class=\"elementor-column elementor-col-25 elementor-top-column elementor-element elementor-element-ab502d9\" data-id=\"ab502d9\" data-element_type=\"column\" data-e-type=\"column\">\n\t\t\t<div class=\"elementor-widget-wrap elementor-element-populated\">\n\t\t\t\t\t\t<div class=\"elementor-element elementor-element-c45692a elementor-widget-laptop__width-initial elementor-widget-tablet_extra__width-initial elementor-widget-tablet__width-initial elementor-widget elementor-widget-image\" data-id=\"c45692a\" data-element_type=\"widget\" data-e-type=\"widget\" data-widget_type=\"image.default\">\n\t\t\t\t<div class=\"elementor-widget-container\">\n\t\t\t\t\t\t\t\t\t\t\t\t\t\t\t<img loading=\"lazy\" decoding=\"async\" width=\"777\" height=\"202\" src=\"https:\/\/www.industrieceltex.com\/wp-content\/uploads\/2025\/03\/40_linee_numeri_pl-1.webp\" class=\"attachment-large size-large wp-image-42637\" alt=\"40 linii produkcjnych\" srcset=\"https:\/\/www.industrieceltex.com\/wp-content\/uploads\/2025\/03\/40_linee_numeri_pl-1.webp 777w, https:\/\/www.industrieceltex.com\/wp-content\/uploads\/2025\/03\/40_linee_numeri_pl-1-300x78.webp 300w, https:\/\/www.industrieceltex.com\/wp-content\/uploads\/2025\/03\/40_linee_numeri_pl-1-768x200.webp 768w, https:\/\/www.industrieceltex.com\/wp-content\/uploads\/2025\/03\/40_linee_numeri_pl-1-600x156.webp 600w\" sizes=\"(max-width: 777px) 100vw, 777px\" \/>\t\t\t\t\t\t\t\t\t\t\t\t\t\t\t<\/div>\n\t\t\t\t<\/div>\n\t\t\t\t\t<\/div>\n\t\t<\/div>\n\t\t\t\t<div class=\"elementor-column elementor-col-25 elementor-top-column elementor-element elementor-element-6b941f9\" data-id=\"6b941f9\" data-element_type=\"column\" data-e-type=\"column\">\n\t\t\t<div class=\"elementor-widget-wrap elementor-element-populated\">\n\t\t\t\t\t\t<div class=\"elementor-element elementor-element-9b9a27f elementor-widget-tablet_extra__width-initial elementor-widget-laptop__width-initial elementor-widget-tablet__width-initial elementor-widget elementor-widget-image\" data-id=\"9b9a27f\" data-element_type=\"widget\" data-e-type=\"widget\" data-widget_type=\"image.default\">\n\t\t\t\t<div class=\"elementor-widget-container\">\n\t\t\t\t\t\t\t\t\t\t\t\t\t\t\t<img loading=\"lazy\" decoding=\"async\" width=\"777\" height=\"202\" src=\"https:\/\/www.industrieceltex.com\/wp-content\/uploads\/2024\/10\/60_paesi_nel_mondo_PL-1.webp\" class=\"attachment-large size-large wp-image-38186\" alt=\"60 OBS\u0141UGIWANYCH KRAJ\u00d3W NA CA\u0141YM \u015aWIECIE\" srcset=\"https:\/\/www.industrieceltex.com\/wp-content\/uploads\/2024\/10\/60_paesi_nel_mondo_PL-1.webp 777w, https:\/\/www.industrieceltex.com\/wp-content\/uploads\/2024\/10\/60_paesi_nel_mondo_PL-1-300x78.webp 300w, https:\/\/www.industrieceltex.com\/wp-content\/uploads\/2024\/10\/60_paesi_nel_mondo_PL-1-768x200.webp 768w, https:\/\/www.industrieceltex.com\/wp-content\/uploads\/2024\/10\/60_paesi_nel_mondo_PL-1-600x156.webp 600w\" sizes=\"(max-width: 777px) 100vw, 777px\" \/>\t\t\t\t\t\t\t\t\t\t\t\t\t\t\t<\/div>\n\t\t\t\t<\/div>\n\t\t\t\t\t<\/div>\n\t\t<\/div>\n\t\t\t\t<div class=\"elementor-column elementor-col-25 elementor-top-column elementor-element elementor-element-acd4feb elementor-hidden-mobile_extra elementor-hidden-mobile\" data-id=\"acd4feb\" data-element_type=\"column\" data-e-type=\"column\">\n\t\t\t<div class=\"elementor-widget-wrap\">\n\t\t\t\t\t\t\t<\/div>\n\t\t<\/div>\n\t\t\t\t\t<\/div>\n\t\t<\/section>\n\t\t\t\t<section class=\"elementor-section elementor-top-section elementor-element elementor-element-868f93c elementor-section-content-bottom elementor-section-boxed elementor-section-height-default elementor-section-height-default\" data-id=\"868f93c\" data-element_type=\"section\" data-e-type=\"section\" data-settings=\"{&quot;_ha_eqh_enable&quot;:false}\">\n\t\t\t\t\t\t<div class=\"elementor-container elementor-column-gap-wider\">\n\t\t\t\t\t<div class=\"elementor-column elementor-col-25 elementor-top-column elementor-element elementor-element-5991cb3\" data-id=\"5991cb3\" data-element_type=\"column\" data-e-type=\"column\">\n\t\t\t<div class=\"elementor-widget-wrap\">\n\t\t\t\t\t\t\t<\/div>\n\t\t<\/div>\n\t\t\t\t<div class=\"elementor-column elementor-col-25 elementor-top-column elementor-element elementor-element-2089e5f\" data-id=\"2089e5f\" data-element_type=\"column\" data-e-type=\"column\">\n\t\t\t<div class=\"elementor-widget-wrap elementor-element-populated\">\n\t\t\t\t\t\t<div class=\"elementor-element elementor-element-a3c7bfb elementor-widget-tablet_extra__width-initial elementor-widget-tablet__width-initial elementor-widget-laptop__width-initial elementor-widget elementor-widget-image\" data-id=\"a3c7bfb\" data-element_type=\"widget\" data-e-type=\"widget\" data-widget_type=\"image.default\">\n\t\t\t\t<div class=\"elementor-widget-container\">\n\t\t\t\t\t\t\t\t\t\t\t\t\t\t\t<img loading=\"lazy\" decoding=\"async\" width=\"777\" height=\"202\" src=\"https:\/\/www.industrieceltex.com\/wp-content\/uploads\/2024\/10\/2-CARTIERE_PL_ok.webp\" class=\"attachment-large size-large wp-image-38158\" alt=\"2 PAPIERNIE\" srcset=\"https:\/\/www.industrieceltex.com\/wp-content\/uploads\/2024\/10\/2-CARTIERE_PL_ok.webp 777w, https:\/\/www.industrieceltex.com\/wp-content\/uploads\/2024\/10\/2-CARTIERE_PL_ok-300x78.webp 300w, https:\/\/www.industrieceltex.com\/wp-content\/uploads\/2024\/10\/2-CARTIERE_PL_ok-768x200.webp 768w, https:\/\/www.industrieceltex.com\/wp-content\/uploads\/2024\/10\/2-CARTIERE_PL_ok-600x156.webp 600w\" sizes=\"(max-width: 777px) 100vw, 777px\" \/>\t\t\t\t\t\t\t\t\t\t\t\t\t\t\t<\/div>\n\t\t\t\t<\/div>\n\t\t\t\t\t<\/div>\n\t\t<\/div>\n\t\t\t\t<div class=\"elementor-column elementor-col-25 elementor-top-column elementor-element elementor-element-8773220\" data-id=\"8773220\" data-element_type=\"column\" data-e-type=\"column\">\n\t\t\t<div class=\"elementor-widget-wrap elementor-element-populated\">\n\t\t\t\t\t\t<div class=\"elementor-element elementor-element-34b00e2 elementor-widget-tablet_extra__width-initial elementor-widget-laptop__width-initial elementor-widget-tablet__width-initial elementor-widget elementor-widget-image\" data-id=\"34b00e2\" data-element_type=\"widget\" data-e-type=\"widget\" data-widget_type=\"image.default\">\n\t\t\t\t<div class=\"elementor-widget-container\">\n\t\t\t\t\t\t\t\t\t\t\t\t\t\t\t<img loading=\"lazy\" decoding=\"async\" width=\"777\" height=\"202\" src=\"https:\/\/www.industrieceltex.com\/wp-content\/uploads\/2024\/10\/5-PAESI_PL-2.webp\" class=\"attachment-large size-large wp-image-38165\" alt=\"5 ZAK\u0141AD\u00d3W PRODUKCYJNYCH W EUROPIE\" srcset=\"https:\/\/www.industrieceltex.com\/wp-content\/uploads\/2024\/10\/5-PAESI_PL-2.webp 777w, https:\/\/www.industrieceltex.com\/wp-content\/uploads\/2024\/10\/5-PAESI_PL-2-300x78.webp 300w, https:\/\/www.industrieceltex.com\/wp-content\/uploads\/2024\/10\/5-PAESI_PL-2-768x200.webp 768w, https:\/\/www.industrieceltex.com\/wp-content\/uploads\/2024\/10\/5-PAESI_PL-2-600x156.webp 600w\" sizes=\"(max-width: 777px) 100vw, 777px\" \/>\t\t\t\t\t\t\t\t\t\t\t\t\t\t\t<\/div>\n\t\t\t\t<\/div>\n\t\t\t\t\t<\/div>\n\t\t<\/div>\n\t\t\t\t<div class=\"elementor-column elementor-col-25 elementor-top-column elementor-element elementor-element-3aa3fd1\" data-id=\"3aa3fd1\" data-element_type=\"column\" data-e-type=\"column\">\n\t\t\t<div class=\"elementor-widget-wrap\">\n\t\t\t\t\t\t\t<\/div>\n\t\t<\/div>\n\t\t\t\t\t<\/div>\n\t\t<\/section>\n\t\t\t\t<section class=\"elementor-section elementor-top-section elementor-element elementor-element-d87d565 elementor-section-height-min-height elementor-section-stretched elementor-hidden-mobile_extra elementor-hidden-mobile elementor-hidden-tablet elementor-section-boxed elementor-section-height-default elementor-section-items-middle\" data-id=\"d87d565\" data-element_type=\"section\" data-e-type=\"section\" data-settings=\"{&quot;stretch_section&quot;:&quot;section-stretched&quot;,&quot;background_background&quot;:&quot;classic&quot;,&quot;_ha_eqh_enable&quot;:false}\">\n\t\t\t\t\t\t<div class=\"elementor-container elementor-column-gap-default\">\n\t\t\t\t\t<div class=\"elementor-column elementor-col-100 elementor-top-column elementor-element elementor-element-0fdfb42\" data-id=\"0fdfb42\" data-element_type=\"column\" data-e-type=\"column\">\n\t\t\t<div class=\"elementor-widget-wrap\">\n\t\t\t\t\t\t\t<\/div>\n\t\t<\/div>\n\t\t\t\t\t<\/div>\n\t\t<\/section>\n\t\t\t\t<section class=\"elementor-section elementor-top-section elementor-element elementor-element-58de611 elementor-section-full_width elementor-section-stretched elementor-section-height-default elementor-section-height-default\" data-id=\"58de611\" data-element_type=\"section\" data-e-type=\"section\" data-settings=\"{&quot;stretch_section&quot;:&quot;section-stretched&quot;,&quot;_ha_eqh_enable&quot;:false}\">\n\t\t\t\t\t\t<div class=\"elementor-container elementor-column-gap-no\">\n\t\t\t\t\t<div class=\"elementor-column elementor-col-100 elementor-top-column elementor-element elementor-element-e8f1f0d\" data-id=\"e8f1f0d\" data-element_type=\"column\" data-e-type=\"column\">\n\t\t\t<div class=\"elementor-widget-wrap elementor-element-populated\">\n\t\t\t\t\t\t<div class=\"elementor-element elementor-element-960f604 elementor-widget-divider--view-line elementor-widget elementor-widget-divider\" data-id=\"960f604\" data-element_type=\"widget\" data-e-type=\"widget\" data-widget_type=\"divider.default\">\n\t\t\t\t<div class=\"elementor-widget-container\">\n\t\t\t\t\t\t\t<div class=\"elementor-divider\">\n\t\t\t<span class=\"elementor-divider-separator\">\n\t\t\t\t\t\t<\/span>\n\t\t<\/div>\n\t\t\t\t\t\t<\/div>\n\t\t\t\t<\/div>\n\t\t\t\t\t<\/div>\n\t\t<\/div>\n\t\t\t\t\t<\/div>\n\t\t<\/section>\n\t\t\t\t<\/div>\n\t\t","protected":false},"excerpt":{"rendered":"<p>Liczby<\/p>\n","protected":false},"author":1,"featured_media":19639,"parent":0,"menu_order":0,"comment_status":"closed","ping_status":"closed","template":"","meta":{"footnotes":""},"class_list":["post-23586","page","type-page","status-publish","has-post-thumbnail","hentry"],"_links":{"self":[{"href":"https:\/\/www.industrieceltex.com\/pl\/wp-json\/wp\/v2\/pages\/23586","targetHints":{"allow":["GET"]}}],"collection":[{"href":"https:\/\/www.industrieceltex.com\/pl\/wp-json\/wp\/v2\/pages"}],"about":[{"href":"https:\/\/www.industrieceltex.com\/pl\/wp-json\/wp\/v2\/types\/page"}],"author":[{"embeddable":true,"href":"https:\/\/www.industrieceltex.com\/pl\/wp-json\/wp\/v2\/users\/1"}],"replies":[{"embeddable":true,"href":"https:\/\/www.industrieceltex.com\/pl\/wp-json\/wp\/v2\/comments?post=23586"}],"version-history":[{"count":67,"href":"https:\/\/www.industrieceltex.com\/pl\/wp-json\/wp\/v2\/pages\/23586\/revisions"}],"predecessor-version":[{"id":47904,"href":"https:\/\/www.industrieceltex.com\/pl\/wp-json\/wp\/v2\/pages\/23586\/revisions\/47904"}],"wp:featuredmedia":[{"embeddable":true,"href":"https:\/\/www.industrieceltex.com\/pl\/wp-json\/wp\/v2\/media\/19639"}],"wp:attachment":[{"href":"https:\/\/www.industrieceltex.com\/pl\/wp-json\/wp\/v2\/media?parent=23586"}],"curies":[{"name":"wp","href":"https:\/\/api.w.org\/{rel}","templated":true}]}}