{"id":49772,"date":"2025-12-17T10:07:25","date_gmt":"2025-12-17T09:07:25","guid":{"rendered":"https:\/\/www.industrieceltex.com\/?page_id=49772"},"modified":"2026-01-14T11:46:16","modified_gmt":"2026-01-14T10:46:16","slug":"nachhaltigkeitsbericht","status":"publish","type":"page","link":"https:\/\/www.industrieceltex.com\/de\/nachhaltigkeit\/nachhaltigkeitsbericht\/","title":{"rendered":"Nachhaltigkeitsbericht"},"content":{"rendered":"\t\t<div data-elementor-type=\"wp-page\" data-elementor-id=\"49772\" class=\"elementor elementor-49772 elementor-49739\" data-elementor-settings=\"{&quot;ha_cmc_init_switcher&quot;:&quot;no&quot;}\">\n\t\t\t\t\t\t<section class=\"elementor-section elementor-top-section elementor-element elementor-element-c86b464 elementor-section-height-min-height elementor-section-stretched elementor-section-boxed elementor-section-height-default elementor-section-items-middle\" data-id=\"c86b464\" data-element_type=\"section\" data-e-type=\"section\" data-settings=\"{&quot;stretch_section&quot;:&quot;section-stretched&quot;,&quot;background_background&quot;:&quot;classic&quot;,&quot;_ha_eqh_enable&quot;:false}\">\n\t\t\t\t\t\t\t<div class=\"elementor-background-overlay\"><\/div>\n\t\t\t\t\t\t\t<div class=\"elementor-container elementor-column-gap-default\">\n\t\t\t\t\t<div class=\"elementor-column elementor-col-50 elementor-top-column elementor-element elementor-element-431831b\" data-id=\"431831b\" data-element_type=\"column\" data-e-type=\"column\">\n\t\t\t<div class=\"elementor-widget-wrap elementor-element-populated\">\n\t\t\t\t\t\t<div class=\"elementor-element elementor-element-1686303 elementor-widget elementor-widget-heading\" data-id=\"1686303\" data-element_type=\"widget\" data-e-type=\"widget\" data-widget_type=\"heading.default\">\n\t\t\t\t<div class=\"elementor-widget-container\">\n\t\t\t\t\t<h2 class=\"elementor-heading-title elementor-size-default\">NACHHALTIGKEITS-<\/h2>\t\t\t\t<\/div>\n\t\t\t\t<\/div>\n\t\t\t\t<div class=\"elementor-element elementor-element-72564b5 elementor-widget elementor-widget-heading\" data-id=\"72564b5\" data-element_type=\"widget\" data-e-type=\"widget\" data-widget_type=\"heading.default\">\n\t\t\t\t<div class=\"elementor-widget-container\">\n\t\t\t\t\t<h2 class=\"elementor-heading-title elementor-size-default\">BERICHT<\/h2>\t\t\t\t<\/div>\n\t\t\t\t<\/div>\n\t\t\t\t\t<\/div>\n\t\t<\/div>\n\t\t\t\t<div class=\"elementor-column elementor-col-50 elementor-top-column elementor-element elementor-element-541c1bd elementor-hidden-mobile_extra elementor-hidden-mobile\" data-id=\"541c1bd\" data-element_type=\"column\" data-e-type=\"column\">\n\t\t\t<div class=\"elementor-widget-wrap\">\n\t\t\t\t\t\t\t<\/div>\n\t\t<\/div>\n\t\t\t\t\t<\/div>\n\t\t<\/section>\n\t\t\t\t<section class=\"elementor-section elementor-top-section elementor-element elementor-element-51ac952f elementor-section-full_width elementor-section-stretched elementor-section-height-default elementor-section-height-default\" data-id=\"51ac952f\" data-element_type=\"section\" data-e-type=\"section\" data-settings=\"{&quot;stretch_section&quot;:&quot;section-stretched&quot;,&quot;background_background&quot;:&quot;classic&quot;,&quot;_ha_eqh_enable&quot;:false}\">\n\t\t\t\t\t\t<div class=\"elementor-container elementor-column-gap-no\">\n\t\t\t\t\t<div class=\"elementor-column elementor-col-100 elementor-top-column elementor-element elementor-element-13ee24a5\" data-id=\"13ee24a5\" data-element_type=\"column\" data-e-type=\"column\">\n\t\t\t<div class=\"elementor-widget-wrap elementor-element-populated\">\n\t\t\t\t\t\t<section class=\"elementor-section elementor-inner-section elementor-element elementor-element-4e97015a elementor-section-boxed elementor-section-height-default elementor-section-height-default\" data-id=\"4e97015a\" data-element_type=\"section\" data-e-type=\"section\" data-settings=\"{&quot;_ha_eqh_enable&quot;:false}\">\n\t\t\t\t\t\t<div class=\"elementor-container elementor-column-gap-default\">\n\t\t\t\t\t<div class=\"elementor-column elementor-col-100 elementor-inner-column elementor-element elementor-element-c92f724\" data-id=\"c92f724\" data-element_type=\"column\" data-e-type=\"column\">\n\t\t\t<div class=\"elementor-widget-wrap elementor-element-populated\">\n\t\t\t\t\t\t<div class=\"elementor-element elementor-element-2898375f elementor-widget elementor-widget-industrium_special_text\" data-id=\"2898375f\" data-element_type=\"widget\" data-e-type=\"widget\" data-widget_type=\"industrium_special_text.default\">\n\t\t\t\t<div class=\"elementor-widget-container\">\n\t\t\t\t\t<div class=\"special-text special-text-effect-stroke\">greifbare<\/div>\t\t\t\t<\/div>\n\t\t\t\t<\/div>\n\t\t\t\t<div class=\"elementor-element elementor-element-0fb67b1 elementor-widget elementor-widget-industrium_special_text\" data-id=\"0fb67b1\" data-element_type=\"widget\" data-e-type=\"widget\" data-widget_type=\"industrium_special_text.default\">\n\t\t\t\t<div class=\"elementor-widget-container\">\n\t\t\t\t\t<div class=\"special-text special-text-effect-stroke\">Fortschritte<\/div>\t\t\t\t<\/div>\n\t\t\t\t<\/div>\n\t\t\t\t\t<\/div>\n\t\t<\/div>\n\t\t\t\t\t<\/div>\n\t\t<\/section>\n\t\t\t\t<section class=\"elementor-section elementor-inner-section elementor-element elementor-element-34021bdc elementor-section-content-middle elementor-section-boxed elementor-section-height-default elementor-section-height-default\" data-id=\"34021bdc\" data-element_type=\"section\" data-e-type=\"section\" data-settings=\"{&quot;_ha_eqh_enable&quot;:false}\">\n\t\t\t\t\t\t<div class=\"elementor-container elementor-column-gap-wide\">\n\t\t\t\t\t<div class=\"elementor-column elementor-col-50 elementor-inner-column elementor-element elementor-element-64be6447\" data-id=\"64be6447\" data-element_type=\"column\" data-e-type=\"column\">\n\t\t\t<div class=\"elementor-widget-wrap elementor-element-populated\">\n\t\t\t\t\t\t<div class=\"elementor-element elementor-element-1666fc2 elementor-widget elementor-widget-image\" data-id=\"1666fc2\" data-element_type=\"widget\" data-e-type=\"widget\" data-widget_type=\"image.default\">\n\t\t\t\t<div class=\"elementor-widget-container\">\n\t\t\t\t\t\t\t\t\t\t\t\t\t\t\t<img fetchpriority=\"high\" decoding=\"async\" width=\"724\" height=\"1024\" src=\"https:\/\/www.industrieceltex.com\/wp-content\/uploads\/2025\/12\/Industrie-Celtex_Sustainability-Report-2024_ENG-1-724x1024.webp\" class=\"attachment-large size-large wp-image-51807\" alt=\"\" srcset=\"https:\/\/www.industrieceltex.com\/wp-content\/uploads\/2025\/12\/Industrie-Celtex_Sustainability-Report-2024_ENG-1-724x1024.webp 724w, https:\/\/www.industrieceltex.com\/wp-content\/uploads\/2025\/12\/Industrie-Celtex_Sustainability-Report-2024_ENG-1-212x300.webp 212w, https:\/\/www.industrieceltex.com\/wp-content\/uploads\/2025\/12\/Industrie-Celtex_Sustainability-Report-2024_ENG-1-768x1086.webp 768w, https:\/\/www.industrieceltex.com\/wp-content\/uploads\/2025\/12\/Industrie-Celtex_Sustainability-Report-2024_ENG-1.webp 1080w\" sizes=\"(max-width: 724px) 100vw, 724px\" \/>\t\t\t\t\t\t\t\t\t\t\t\t\t\t\t<\/div>\n\t\t\t\t<\/div>\n\t\t\t\t\t<\/div>\n\t\t<\/div>\n\t\t\t\t<div class=\"elementor-column elementor-col-50 elementor-inner-column elementor-element elementor-element-4816eb44\" data-id=\"4816eb44\" data-element_type=\"column\" data-e-type=\"column\">\n\t\t\t<div class=\"elementor-widget-wrap elementor-element-populated\">\n\t\t\t\t\t\t<div class=\"elementor-element elementor-element-465b68b1 elementor-hidden-mobile_extra elementor-hidden-mobile elementor-widget elementor-widget-spacer\" data-id=\"465b68b1\" data-element_type=\"widget\" data-e-type=\"widget\" data-widget_type=\"spacer.default\">\n\t\t\t\t<div class=\"elementor-widget-container\">\n\t\t\t\t\t\t\t<div class=\"elementor-spacer\">\n\t\t\t<div class=\"elementor-spacer-inner\"><\/div>\n\t\t<\/div>\n\t\t\t\t\t\t<\/div>\n\t\t\t\t<\/div>\n\t\t\t\t<div class=\"elementor-element elementor-element-7fbce0ed elementor-widget elementor-widget-industrium_heading\" data-id=\"7fbce0ed\" data-element_type=\"widget\" data-e-type=\"widget\" data-widget_type=\"industrium_heading.default\">\n\t\t\t\t<div class=\"elementor-widget-container\">\n\t\t\t\t\t<div class=\"industrium-heading-widget\"><h2 class=\"industrium-heading\"><span class=\"industrium-subheading no-dot\">NACHHALTIGKEIT<\/span><span class=\"industrium-heading-content\">Werte in Ergebnisse verwandeln<\/span><\/h2><\/div>\t\t\t\t<\/div>\n\t\t\t\t<\/div>\n\t\t\t\t<div class=\"elementor-element elementor-element-3f055f2f elementor-widget elementor-widget-text-editor\" data-id=\"3f055f2f\" data-element_type=\"widget\" data-e-type=\"widget\" data-widget_type=\"text-editor.default\">\n\t\t\t\t<div class=\"elementor-widget-container\">\n\t\t\t\t\t\t\t\t\t<p data-start=\"148\" data-end=\"664\">Der <strong>Nachhaltigkeitsbericht<\/strong> steht f\u00fcr das Engagement von Industrie Celtex, <strong>Werte, Entscheidungen und Auswirkungen entlang\u00a0der<\/strong> <strong>gesamten Wertsch\u00f6pfungskette transparent zu machen<\/strong>.<br data-start=\"361\" data-end=\"364\" \/>Die ESG-Berichterstattung entsteht aus einer Vision, die \u00f6kologische und soziale Verantwortung in industrielle Prozesse sowie in die Beziehungen zu Stakeholdern, Mitarbeitenden, Kunden und Gemeinschaften integriert. Ein Ansatz, der auf <strong>Klarheit<\/strong>, <strong>Messbarkeit<\/strong> und <strong>kontinuierlicher Verbesserung<\/strong> basiert. Diese Prinzipien zeigen sich in einem verantwortungsvollen Umgang mit Energie und Ressourcen, im Schutz der Menschen, in der Qualit\u00e4t und Sicherheit der Produkte, in ethischen Lieferketten und in einem kontinuierlichen Dialog mit allen Beteiligten.<\/p><p data-start=\"916\" data-end=\"1110\">Der Nachhaltigkeitsbericht wird so zu einer <strong>Arbeitsmethode<\/strong>, die Entscheidungen leitet, Priorit\u00e4ten setzt und dazu beitr\u00e4gt, langfristigen Mehrwert f\u00fcr das Unternehmen und das Gebiet zu schaffen.<\/p>\t\t\t\t\t\t\t\t<\/div>\n\t\t\t\t<\/div>\n\t\t\t\t<div class=\"elementor-element elementor-element-ad81a57 elementor-widget elementor-widget-text-editor\" data-id=\"ad81a57\" data-element_type=\"widget\" data-e-type=\"widget\" data-widget_type=\"text-editor.default\">\n\t\t\t\t<div class=\"elementor-widget-container\">\n\t\t\t\t\t\t\t\t\t<p><span style=\"color: #73b72b;\">Den Nachhaltigkeitsbericht von Industrie Celtex herunterladen<\/span><\/p>\t\t\t\t\t\t\t\t<\/div>\n\t\t\t\t<\/div>\n\t\t\t\t<div class=\"elementor-element elementor-element-abe641f elementor-hidden-mobile_extra elementor-hidden-mobile elementor-widget elementor-widget-industrium_button\" data-id=\"abe641f\" data-element_type=\"widget\" data-e-type=\"widget\" data-widget_type=\"industrium_button.default\">\n\t\t\t\t<div class=\"elementor-widget-container\">\n\t\t\t\t\t\n        <div class=\"button-widget\">\n            <div class=\"button-container\">\n                <a class=\"industrium-button button-type-2\" href=\"https:\/\/www.industrieceltex.com\/wp-content\/uploads\/2026\/01\/Industrie-Celtex_Sustainability-Report-2024_ENG-1.pdf\" target=\"_blank\">\n                    <span class=\"industrium-button-text\">BERICHT 2024<\/span>                    \n                <\/a>\n            <\/div>\n        <\/div>\n        \t\t\t\t<\/div>\n\t\t\t\t<\/div>\n\t\t\t\t<div class=\"elementor-element elementor-element-a2d2474 elementor-hidden-widescreen elementor-hidden-desktop elementor-hidden-laptop elementor-hidden-tablet_extra elementor-hidden-tablet elementor-widget elementor-widget-industrium_button\" data-id=\"a2d2474\" data-element_type=\"widget\" data-e-type=\"widget\" data-widget_type=\"industrium_button.default\">\n\t\t\t\t<div class=\"elementor-widget-container\">\n\t\t\t\t\t\n        <div class=\"button-widget\">\n            <div class=\"button-container\">\n                <a class=\"industrium-button button-type-2\" href=\"https:\/\/www.industrieceltex.com\/wp-content\/uploads\/2026\/01\/Industrie-Celtex_Sustainability-Report-2024_ENG_single-pag-1.pdf\" target=\"_blank\">\n                    <span class=\"industrium-button-text\">BERICHT 2024<\/span>                    \n                <\/a>\n            <\/div>\n        <\/div>\n        \t\t\t\t<\/div>\n\t\t\t\t<\/div>\n\t\t\t\t\t<\/div>\n\t\t<\/div>\n\t\t\t\t\t<\/div>\n\t\t<\/section>\n\t\t\t\t\t<\/div>\n\t\t<\/div>\n\t\t\t\t\t<\/div>\n\t\t<\/section>\n\t\t\t\t<section class=\"elementor-section elementor-top-section elementor-element elementor-element-00df8f8 elementor-section-height-min-height elementor-section-stretched elementor-hidden-mobile_extra elementor-hidden-mobile elementor-section-boxed elementor-section-height-default elementor-section-items-middle\" data-id=\"00df8f8\" data-element_type=\"section\" data-e-type=\"section\" data-settings=\"{&quot;stretch_section&quot;:&quot;section-stretched&quot;,&quot;background_background&quot;:&quot;classic&quot;,&quot;_ha_eqh_enable&quot;:false}\">\n\t\t\t\t\t\t<div class=\"elementor-container elementor-column-gap-default\">\n\t\t\t\t\t<div class=\"elementor-column elementor-col-100 elementor-top-column elementor-element elementor-element-3e556ab\" data-id=\"3e556ab\" data-element_type=\"column\" data-e-type=\"column\">\n\t\t\t<div class=\"elementor-widget-wrap\">\n\t\t\t\t\t\t\t<\/div>\n\t\t<\/div>\n\t\t\t\t\t<\/div>\n\t\t<\/section>\n\t\t\t\t<section class=\"elementor-section elementor-top-section elementor-element elementor-element-0b1a0de elementor-section-full_width elementor-section-stretched elementor-section-height-default elementor-section-height-default\" data-id=\"0b1a0de\" data-element_type=\"section\" data-e-type=\"section\" data-settings=\"{&quot;stretch_section&quot;:&quot;section-stretched&quot;,&quot;_ha_eqh_enable&quot;:false}\">\n\t\t\t\t\t\t<div class=\"elementor-container elementor-column-gap-no\">\n\t\t\t\t\t<div class=\"elementor-column elementor-col-100 elementor-top-column elementor-element elementor-element-40d5511\" data-id=\"40d5511\" data-element_type=\"column\" data-e-type=\"column\">\n\t\t\t<div class=\"elementor-widget-wrap elementor-element-populated\">\n\t\t\t\t\t\t<div class=\"elementor-element elementor-element-156cb0b elementor-widget-divider--view-line elementor-widget elementor-widget-divider\" data-id=\"156cb0b\" data-element_type=\"widget\" data-e-type=\"widget\" data-widget_type=\"divider.default\">\n\t\t\t\t<div class=\"elementor-widget-container\">\n\t\t\t\t\t\t\t<div class=\"elementor-divider\">\n\t\t\t<span class=\"elementor-divider-separator\">\n\t\t\t\t\t\t<\/span>\n\t\t<\/div>\n\t\t\t\t\t\t<\/div>\n\t\t\t\t<\/div>\n\t\t\t\t\t<\/div>\n\t\t<\/div>\n\t\t\t\t\t<\/div>\n\t\t<\/section>\n\t\t\t\t<\/div>\n\t\t","protected":false},"excerpt":{"rendered":"<p>NACHHALTIGKEITS- BERICHT Der Nachhaltigkeitsbericht steht f\u00fcr das Engagement von Industrie Celtex, Werte, Entscheidungen und Auswirkungen entlang\u00a0der gesamten Wertsch\u00f6pfungskette transparent zu machen.Die ESG-Berichterstattung entsteht aus einer Vision, die \u00f6kologische und soziale Verantwortung in industrielle Prozesse sowie in die Beziehungen zu Stakeholdern, Mitarbeitenden,&#8230;<\/p>\n","protected":false},"author":4,"featured_media":0,"parent":22540,"menu_order":0,"comment_status":"closed","ping_status":"closed","template":"","meta":{"footnotes":""},"class_list":["post-49772","page","type-page","status-publish","hentry"],"_links":{"self":[{"href":"https:\/\/www.industrieceltex.com\/de\/wp-json\/wp\/v2\/pages\/49772","targetHints":{"allow":["GET"]}}],"collection":[{"href":"https:\/\/www.industrieceltex.com\/de\/wp-json\/wp\/v2\/pages"}],"about":[{"href":"https:\/\/www.industrieceltex.com\/de\/wp-json\/wp\/v2\/types\/page"}],"author":[{"embeddable":true,"href":"https:\/\/www.industrieceltex.com\/de\/wp-json\/wp\/v2\/users\/4"}],"replies":[{"embeddable":true,"href":"https:\/\/www.industrieceltex.com\/de\/wp-json\/wp\/v2\/comments?post=49772"}],"version-history":[{"count":31,"href":"https:\/\/www.industrieceltex.com\/de\/wp-json\/wp\/v2\/pages\/49772\/revisions"}],"predecessor-version":[{"id":52806,"href":"https:\/\/www.industrieceltex.com\/de\/wp-json\/wp\/v2\/pages\/49772\/revisions\/52806"}],"up":[{"embeddable":true,"href":"https:\/\/www.industrieceltex.com\/de\/wp-json\/wp\/v2\/pages\/22540"}],"wp:attachment":[{"href":"https:\/\/www.industrieceltex.com\/de\/wp-json\/wp\/v2\/media?parent=49772"}],"curies":[{"name":"wp","href":"https:\/\/api.w.org\/{rel}","templated":true}]}}